{"id":274,"date":"2024-04-19T11:05:25","date_gmt":"2024-04-19T09:05:25","guid":{"rendered":"https:\/\/ecotricitesolution.fr\/?page_id=274"},"modified":"2024-04-19T11:07:03","modified_gmt":"2024-04-19T09:07:03","slug":"mentions-legales","status":"publish","type":"page","link":"https:\/\/ecotricitesolution.fr\/index.php\/mentions-legales\/","title":{"rendered":"Mentions l\u00e9gales"},"content":{"rendered":"\t\t<div data-elementor-type=\"wp-page\" data-elementor-id=\"274\" class=\"elementor elementor-274\" data-elementor-post-type=\"page\">\n\t\t\t\t<div class=\"elementor-element elementor-element-c94b5db e-flex e-con-boxed e-con e-parent\" data-id=\"c94b5db\" data-element_type=\"container\">\n\t\t\t\t\t<div class=\"e-con-inner\">\n\t\t\t\t<div class=\"elementor-element elementor-element-1512023 elementor-widget elementor-widget-heading\" data-id=\"1512023\" data-element_type=\"widget\" data-widget_type=\"heading.default\">\n\t\t\t\t<div class=\"elementor-widget-container\">\n\t\t\t<style>\/*! elementor - v3.21.0 - 24-04-2024 *\/\n.elementor-heading-title{padding:0;margin:0;line-height:1}.elementor-widget-heading .elementor-heading-title[class*=elementor-size-]>a{color:inherit;font-size:inherit;line-height:inherit}.elementor-widget-heading .elementor-heading-title.elementor-size-small{font-size:15px}.elementor-widget-heading .elementor-heading-title.elementor-size-medium{font-size:19px}.elementor-widget-heading .elementor-heading-title.elementor-size-large{font-size:29px}.elementor-widget-heading .elementor-heading-title.elementor-size-xl{font-size:39px}.elementor-widget-heading .elementor-heading-title.elementor-size-xxl{font-size:59px}<\/style><h2 class=\"elementor-heading-title elementor-size-default\">Mentions l\u00e9gales<\/h2>\t\t<\/div>\n\t\t\t\t<\/div>\n\t\t\t\t<div class=\"elementor-element elementor-element-8b0882a elementor-widget elementor-widget-text-editor\" data-id=\"8b0882a\" data-element_type=\"widget\" data-widget_type=\"text-editor.default\">\n\t\t\t\t<div class=\"elementor-widget-container\">\n\t\t\t<style>\/*! elementor - v3.21.0 - 24-04-2024 *\/\n.elementor-widget-text-editor.elementor-drop-cap-view-stacked .elementor-drop-cap{background-color:#69727d;color:#fff}.elementor-widget-text-editor.elementor-drop-cap-view-framed .elementor-drop-cap{color:#69727d;border:3px solid;background-color:transparent}.elementor-widget-text-editor:not(.elementor-drop-cap-view-default) .elementor-drop-cap{margin-top:8px}.elementor-widget-text-editor:not(.elementor-drop-cap-view-default) .elementor-drop-cap-letter{width:1em;height:1em}.elementor-widget-text-editor .elementor-drop-cap{float:left;text-align:center;line-height:1;font-size:50px}.elementor-widget-text-editor .elementor-drop-cap-letter{display:inline-block}<\/style>\t\t\t\t<p><strong>D\u00e9nomination commerciale<\/strong> : Ecotricit\u00e9 solution<\/p><p><strong>Forme juridique<\/strong> : Auto Entrepreneur<\/p><p><strong>Capital social<\/strong> :<\/p><p><strong>Si\u00e8ge social<\/strong> :<\/p><p><strong>T\u00e9l\u00e9phone<\/strong> : 07 64 42 36 84<\/p><p><strong>SIREN<\/strong> :<\/p><p><strong>Numero de RCS<\/strong> :<\/p><p><strong>H\u00e9bergement<\/strong> : O2Switch<\/p>\t\t\t\t\t\t<\/div>\n\t\t\t\t<\/div>\n\t\t\t\t\t<\/div>\n\t\t\t\t<\/div>\n\t\t\t\t<\/div>\n\t\t","protected":false},"excerpt":{"rendered":"<p>D\u00e9nomination commerciale : Ecotricit\u00e9 solution Forme juridique : Auto Entrepreneur Capital social : Si\u00e8ge social : T\u00e9l\u00e9phone : 07 64 42 36 84 SIREN : Numero de RCS : H\u00e9bergement : O2Switch<\/p>\n","protected":false},"author":2,"featured_media":0,"parent":0,"menu_order":0,"comment_status":"closed","ping_status":"closed","template":"","meta":{"footnotes":""},"yoast_head":"<!-- This site is optimized with the Yoast SEO plugin v22.5 - https:\/\/yoast.com\/wordpress\/plugins\/seo\/ -->\n<title>Mentions l\u00e9gales - \u00c9cotricit\u00e9 solution<\/title>\n<meta name=\"robots\" content=\"index, follow, max-snippet:-1, max-image-preview:large, max-video-preview:-1\" \/>\n<link rel=\"canonical\" href=\"https:\/\/ecotricitesolution.fr\/index.php\/mentions-legales\/\" \/>\n<meta property=\"og:locale\" content=\"fr_FR\" \/>\n<meta property=\"og:type\" content=\"article\" \/>\n<meta property=\"og:title\" content=\"Mentions l\u00e9gales - \u00c9cotricit\u00e9 solution\" \/>\n<meta property=\"og:description\" content=\"D\u00e9nomination commerciale : Ecotricit\u00e9 solution Forme juridique : Auto Entrepreneur Capital social : Si\u00e8ge social : T\u00e9l\u00e9phone : 07 64 42 36 84 SIREN : Numero de RCS : H\u00e9bergement : O2Switch\" \/>\n<meta property=\"og:url\" content=\"https:\/\/ecotricitesolution.fr\/index.php\/mentions-legales\/\" \/>\n<meta property=\"og:site_name\" content=\"\u00c9cotricit\u00e9 solution\" \/>\n<meta property=\"article:modified_time\" content=\"2024-04-19T09:07:03+00:00\" \/>\n<meta name=\"twitter:card\" content=\"summary_large_image\" \/>\n<meta name=\"twitter:label1\" content=\"Dur\u00e9e de lecture estim\u00e9e\" \/>\n\t<meta name=\"twitter:data1\" content=\"1 minute\" \/>\n<script type=\"application\/ld+json\" class=\"yoast-schema-graph\">{\"@context\":\"https:\/\/schema.org\",\"@graph\":[{\"@type\":\"WebPage\",\"@id\":\"https:\/\/ecotricitesolution.fr\/index.php\/mentions-legales\/\",\"url\":\"https:\/\/ecotricitesolution.fr\/index.php\/mentions-legales\/\",\"name\":\"Mentions l\u00e9gales - \u00c9cotricit\u00e9 solution\",\"isPartOf\":{\"@id\":\"https:\/\/ecotricitesolution.fr\/#website\"},\"datePublished\":\"2024-04-19T09:05:25+00:00\",\"dateModified\":\"2024-04-19T09:07:03+00:00\",\"breadcrumb\":{\"@id\":\"https:\/\/ecotricitesolution.fr\/index.php\/mentions-legales\/#breadcrumb\"},\"inLanguage\":\"fr-FR\",\"potentialAction\":[{\"@type\":\"ReadAction\",\"target\":[\"https:\/\/ecotricitesolution.fr\/index.php\/mentions-legales\/\"]}]},{\"@type\":\"BreadcrumbList\",\"@id\":\"https:\/\/ecotricitesolution.fr\/index.php\/mentions-legales\/#breadcrumb\",\"itemListElement\":[{\"@type\":\"ListItem\",\"position\":1,\"name\":\"Accueil\",\"item\":\"https:\/\/ecotricitesolution.fr\/\"},{\"@type\":\"ListItem\",\"position\":2,\"name\":\"Mentions l\u00e9gales\"}]},{\"@type\":\"WebSite\",\"@id\":\"https:\/\/ecotricitesolution.fr\/#website\",\"url\":\"https:\/\/ecotricitesolution.fr\/\",\"name\":\"Ecotricit\u00e9 Solution\",\"description\":\"\u00c9clairez votre avenir avec Ecotricit\u00e9 Solution : Mises aux normes, Bornes \u00e9lectriques, D\u00e9pannages - Une \u00e9nergie durable, une solution fiable\",\"publisher\":{\"@id\":\"https:\/\/ecotricitesolution.fr\/#organization\"},\"potentialAction\":[{\"@type\":\"SearchAction\",\"target\":{\"@type\":\"EntryPoint\",\"urlTemplate\":\"https:\/\/ecotricitesolution.fr\/?s={search_term_string}\"},\"query-input\":\"required name=search_term_string\"}],\"inLanguage\":\"fr-FR\"},{\"@type\":\"Organization\",\"@id\":\"https:\/\/ecotricitesolution.fr\/#organization\",\"name\":\"Ecotricit\u00e9 Solution\",\"url\":\"https:\/\/ecotricitesolution.fr\/\",\"logo\":{\"@type\":\"ImageObject\",\"inLanguage\":\"fr-FR\",\"@id\":\"https:\/\/ecotricitesolution.fr\/#\/schema\/logo\/image\/\",\"url\":\"https:\/\/ecotricitesolution.fr\/wp-content\/uploads\/2024\/03\/Fichier-1@4xdf.png\",\"contentUrl\":\"https:\/\/ecotricitesolution.fr\/wp-content\/uploads\/2024\/03\/Fichier-1@4xdf.png\",\"width\":825,\"height\":130,\"caption\":\"Ecotricit\u00e9 Solution\"},\"image\":{\"@id\":\"https:\/\/ecotricitesolution.fr\/#\/schema\/logo\/image\/\"}}]}<\/script>\n<!-- \/ Yoast SEO plugin. -->","yoast_head_json":{"title":"Mentions l\u00e9gales - \u00c9cotricit\u00e9 solution","robots":{"index":"index","follow":"follow","max-snippet":"max-snippet:-1","max-image-preview":"max-image-preview:large","max-video-preview":"max-video-preview:-1"},"canonical":"https:\/\/ecotricitesolution.fr\/index.php\/mentions-legales\/","og_locale":"fr_FR","og_type":"article","og_title":"Mentions l\u00e9gales - \u00c9cotricit\u00e9 solution","og_description":"D\u00e9nomination commerciale : Ecotricit\u00e9 solution Forme juridique : Auto Entrepreneur Capital social : Si\u00e8ge social : T\u00e9l\u00e9phone : 07 64 42 36 84 SIREN : Numero de RCS : H\u00e9bergement : O2Switch","og_url":"https:\/\/ecotricitesolution.fr\/index.php\/mentions-legales\/","og_site_name":"\u00c9cotricit\u00e9 solution","article_modified_time":"2024-04-19T09:07:03+00:00","twitter_card":"summary_large_image","twitter_misc":{"Dur\u00e9e de lecture estim\u00e9e":"1 minute"},"schema":{"@context":"https:\/\/schema.org","@graph":[{"@type":"WebPage","@id":"https:\/\/ecotricitesolution.fr\/index.php\/mentions-legales\/","url":"https:\/\/ecotricitesolution.fr\/index.php\/mentions-legales\/","name":"Mentions l\u00e9gales - \u00c9cotricit\u00e9 solution","isPartOf":{"@id":"https:\/\/ecotricitesolution.fr\/#website"},"datePublished":"2024-04-19T09:05:25+00:00","dateModified":"2024-04-19T09:07:03+00:00","breadcrumb":{"@id":"https:\/\/ecotricitesolution.fr\/index.php\/mentions-legales\/#breadcrumb"},"inLanguage":"fr-FR","potentialAction":[{"@type":"ReadAction","target":["https:\/\/ecotricitesolution.fr\/index.php\/mentions-legales\/"]}]},{"@type":"BreadcrumbList","@id":"https:\/\/ecotricitesolution.fr\/index.php\/mentions-legales\/#breadcrumb","itemListElement":[{"@type":"ListItem","position":1,"name":"Accueil","item":"https:\/\/ecotricitesolution.fr\/"},{"@type":"ListItem","position":2,"name":"Mentions l\u00e9gales"}]},{"@type":"WebSite","@id":"https:\/\/ecotricitesolution.fr\/#website","url":"https:\/\/ecotricitesolution.fr\/","name":"Ecotricit\u00e9 Solution","description":"\u00c9clairez votre avenir avec Ecotricit\u00e9 Solution : Mises aux normes, Bornes \u00e9lectriques, D\u00e9pannages - Une \u00e9nergie durable, une solution fiable","publisher":{"@id":"https:\/\/ecotricitesolution.fr\/#organization"},"potentialAction":[{"@type":"SearchAction","target":{"@type":"EntryPoint","urlTemplate":"https:\/\/ecotricitesolution.fr\/?s={search_term_string}"},"query-input":"required name=search_term_string"}],"inLanguage":"fr-FR"},{"@type":"Organization","@id":"https:\/\/ecotricitesolution.fr\/#organization","name":"Ecotricit\u00e9 Solution","url":"https:\/\/ecotricitesolution.fr\/","logo":{"@type":"ImageObject","inLanguage":"fr-FR","@id":"https:\/\/ecotricitesolution.fr\/#\/schema\/logo\/image\/","url":"https:\/\/ecotricitesolution.fr\/wp-content\/uploads\/2024\/03\/Fichier-1@4xdf.png","contentUrl":"https:\/\/ecotricitesolution.fr\/wp-content\/uploads\/2024\/03\/Fichier-1@4xdf.png","width":825,"height":130,"caption":"Ecotricit\u00e9 Solution"},"image":{"@id":"https:\/\/ecotricitesolution.fr\/#\/schema\/logo\/image\/"}}]}},"_links":{"self":[{"href":"https:\/\/ecotricitesolution.fr\/index.php\/wp-json\/wp\/v2\/pages\/274"}],"collection":[{"href":"https:\/\/ecotricitesolution.fr\/index.php\/wp-json\/wp\/v2\/pages"}],"about":[{"href":"https:\/\/ecotricitesolution.fr\/index.php\/wp-json\/wp\/v2\/types\/page"}],"author":[{"embeddable":true,"href":"https:\/\/ecotricitesolution.fr\/index.php\/wp-json\/wp\/v2\/users\/2"}],"replies":[{"embeddable":true,"href":"https:\/\/ecotricitesolution.fr\/index.php\/wp-json\/wp\/v2\/comments?post=274"}],"version-history":[{"count":7,"href":"https:\/\/ecotricitesolution.fr\/index.php\/wp-json\/wp\/v2\/pages\/274\/revisions"}],"predecessor-version":[{"id":281,"href":"https:\/\/ecotricitesolution.fr\/index.php\/wp-json\/wp\/v2\/pages\/274\/revisions\/281"}],"wp:attachment":[{"href":"https:\/\/ecotricitesolution.fr\/index.php\/wp-json\/wp\/v2\/media?parent=274"}],"curies":[{"name":"wp","href":"https:\/\/api.w.org\/{rel}","templated":true}]}}